{"id":39476,"date":"2024-10-30T16:35:50","date_gmt":"2024-10-30T15:35:50","guid":{"rendered":"https:\/\/www.keonys.com\/?page_id=39476"},"modified":"2024-12-30T17:18:40","modified_gmt":"2024-12-30T16:18:40","slug":"contact-offre-sur-mesure","status":"publish","type":"page","link":"https:\/\/www.keonys.com\/en\/customised-offer","title":{"rendered":"Contact &#8211; Customised offer"},"content":{"rendered":"","protected":false},"excerpt":{"rendered":"<p>Vous souhaitez b\u00e9n\u00e9ficier d&#8217;une offre de service personnalis\u00e9e ? Contactez-nous en remplissant le formulaire ci-contre. Un conseiller vous contactera dans les plus brefs d\u00e9lais.<\/p>\n","protected":false},"author":42,"featured_media":0,"parent":39448,"menu_order":0,"comment_status":"closed","ping_status":"closed","template":"page-specific.php","meta":{"_acf_changed":false,"_seopress_robots_primary_cat":"","_seopress_titles_title":"Offre sur mesure- KEONYS","_seopress_titles_desc":"Vous souhaitez b\u00e9n\u00e9ficier d'une offre de service personnalis\u00e9e ? Contactez-nous en remplissant le formulaire ci-contre. Un conseiller vous contactera dans les plus brefs d\u00e9lais.","_seopress_robots_index":"","footnotes":""},"categories":[],"tags":[],"class_list":["post-39476","page","type-page","status-publish","hentry"],"acf":[],"_links":{"self":[{"href":"https:\/\/www.keonys.com\/en\/wp-json\/wp\/v2\/pages\/39476","targetHints":{"allow":["GET"]}}],"collection":[{"href":"https:\/\/www.keonys.com\/en\/wp-json\/wp\/v2\/pages"}],"about":[{"href":"https:\/\/www.keonys.com\/en\/wp-json\/wp\/v2\/types\/page"}],"author":[{"embeddable":true,"href":"https:\/\/www.keonys.com\/en\/wp-json\/wp\/v2\/users\/42"}],"replies":[{"embeddable":true,"href":"https:\/\/www.keonys.com\/en\/wp-json\/wp\/v2\/comments?post=39476"}],"version-history":[{"count":3,"href":"https:\/\/www.keonys.com\/en\/wp-json\/wp\/v2\/pages\/39476\/revisions"}],"predecessor-version":[{"id":39486,"href":"https:\/\/www.keonys.com\/en\/wp-json\/wp\/v2\/pages\/39476\/revisions\/39486"}],"up":[{"embeddable":true,"href":"https:\/\/www.keonys.com\/en\/wp-json\/wp\/v2\/pages\/39448"}],"wp:attachment":[{"href":"https:\/\/www.keonys.com\/en\/wp-json\/wp\/v2\/media?parent=39476"}],"wp:term":[{"taxonomy":"category","embeddable":true,"href":"https:\/\/www.keonys.com\/en\/wp-json\/wp\/v2\/categories?post=39476"},{"taxonomy":"post_tag","embeddable":true,"href":"https:\/\/www.keonys.com\/en\/wp-json\/wp\/v2\/tags?post=39476"}],"curies":[{"name":"wp","href":"https:\/\/api.w.org\/{rel}","templated":true}]}}