{"id":36998,"date":"2024-05-27T16:31:28","date_gmt":"2024-05-27T14:31:28","guid":{"rendered":"https:\/\/www.keonys.com\/demo-de-solidworks-simulation\/"},"modified":"2024-09-06T16:40:50","modified_gmt":"2024-09-06T14:40:50","slug":"demo-de-solidworks-simulation","status":"publish","type":"page","link":"https:\/\/www.keonys.com\/en\/demo-solidworks-simulation\/","title":{"rendered":"SolidWorks\u00ae Simulation demo"},"content":{"rendered":"","protected":false},"excerpt":{"rendered":"<p>Assistez \u00e0 une d\u00e9mo de SolidWorks\u00ae Simulation et voyez comment cet outil d&#8217;analyse par \u00e9l\u00e9ments finis int\u00e9gr\u00e9 \u00e0 SOLIDWORKS peut optimiser vos conceptions. Simulez le comportement physique de vos cr\u00e9ations, r\u00e9duisez les co\u00fbts et les d\u00e9lais. Demandez votre d\u00e9mo d\u00e8s aujourd&#8217;hui !<\/p>\n","protected":false},"author":38,"featured_media":0,"parent":0,"menu_order":0,"comment_status":"closed","ping_status":"closed","template":"page-specific.php","meta":{"_acf_changed":false,"_seopress_robots_primary_cat":"","_seopress_titles_title":"SolidWorks Simulation demo - KEONYS","_seopress_titles_desc":"Attend a SolidWorks\u00ae Simulation demo and see how this finite element analysis tool integrated into SOLIDWORKS can optimize your designs. Simulate the physical behavior of your designs, cut costs and reduce lead times. Request your demo today!","_seopress_robots_index":"","footnotes":""},"categories":[],"tags":[],"class_list":["post-36998","page","type-page","status-publish","hentry"],"acf":[],"_links":{"self":[{"href":"https:\/\/www.keonys.com\/en\/wp-json\/wp\/v2\/pages\/36998","targetHints":{"allow":["GET"]}}],"collection":[{"href":"https:\/\/www.keonys.com\/en\/wp-json\/wp\/v2\/pages"}],"about":[{"href":"https:\/\/www.keonys.com\/en\/wp-json\/wp\/v2\/types\/page"}],"author":[{"embeddable":true,"href":"https:\/\/www.keonys.com\/en\/wp-json\/wp\/v2\/users\/38"}],"replies":[{"embeddable":true,"href":"https:\/\/www.keonys.com\/en\/wp-json\/wp\/v2\/comments?post=36998"}],"version-history":[{"count":2,"href":"https:\/\/www.keonys.com\/en\/wp-json\/wp\/v2\/pages\/36998\/revisions"}],"predecessor-version":[{"id":37003,"href":"https:\/\/www.keonys.com\/en\/wp-json\/wp\/v2\/pages\/36998\/revisions\/37003"}],"wp:attachment":[{"href":"https:\/\/www.keonys.com\/en\/wp-json\/wp\/v2\/media?parent=36998"}],"wp:term":[{"taxonomy":"category","embeddable":true,"href":"https:\/\/www.keonys.com\/en\/wp-json\/wp\/v2\/categories?post=36998"},{"taxonomy":"post_tag","embeddable":true,"href":"https:\/\/www.keonys.com\/en\/wp-json\/wp\/v2\/tags?post=36998"}],"curies":[{"name":"wp","href":"https:\/\/api.w.org\/{rel}","templated":true}]}}