{"id":36995,"date":"2024-05-27T16:31:19","date_gmt":"2024-05-27T14:31:19","guid":{"rendered":"https:\/\/www.keonys.com\/obtenir-un-devis-solidworks-simulation\/"},"modified":"2024-09-06T16:45:06","modified_gmt":"2024-09-06T14:45:06","slug":"obtenir-un-devis-solidworks-simulation","status":"publish","type":"page","link":"https:\/\/www.keonys.com\/en\/get-quote-solidworks-simulation\/","title":{"rendered":"Get a SolidWorks\u00ae Simulation quote"},"content":{"rendered":"","protected":false},"excerpt":{"rendered":"<p>Obtenez un devis pour SolidWorks\u00ae Simulation et optimisez vos conceptions. Int\u00e9gr\u00e9 \u00e0 SOLIDWORKS, cet outil d&#8217;analyse par \u00e9l\u00e9ments finis simule le comportement physique de vos cr\u00e9ations. R\u00e9duisez les co\u00fbts et les d\u00e9lais d\u00e8s aujourd&#8217;hui !<\/p>\n","protected":false},"author":38,"featured_media":0,"parent":0,"menu_order":0,"comment_status":"closed","ping_status":"closed","template":"page-specific.php","meta":{"_acf_changed":false,"_seopress_robots_primary_cat":"","_seopress_titles_title":"Get a SolidWorks Simulation quote - KEONYS","_seopress_titles_desc":"Get a quote for SolidWorks\u00ae Simulation and optimize your designs. Integrated into SOLIDWORKS, this finite element analysis tool simulates the physical behavior of your designs. Reduce costs and lead times today!","_seopress_robots_index":"","footnotes":""},"categories":[],"tags":[],"class_list":["post-36995","page","type-page","status-publish","hentry"],"acf":[],"_links":{"self":[{"href":"https:\/\/www.keonys.com\/en\/wp-json\/wp\/v2\/pages\/36995","targetHints":{"allow":["GET"]}}],"collection":[{"href":"https:\/\/www.keonys.com\/en\/wp-json\/wp\/v2\/pages"}],"about":[{"href":"https:\/\/www.keonys.com\/en\/wp-json\/wp\/v2\/types\/page"}],"author":[{"embeddable":true,"href":"https:\/\/www.keonys.com\/en\/wp-json\/wp\/v2\/users\/38"}],"replies":[{"embeddable":true,"href":"https:\/\/www.keonys.com\/en\/wp-json\/wp\/v2\/comments?post=36995"}],"version-history":[{"count":3,"href":"https:\/\/www.keonys.com\/en\/wp-json\/wp\/v2\/pages\/36995\/revisions"}],"predecessor-version":[{"id":37002,"href":"https:\/\/www.keonys.com\/en\/wp-json\/wp\/v2\/pages\/36995\/revisions\/37002"}],"wp:attachment":[{"href":"https:\/\/www.keonys.com\/en\/wp-json\/wp\/v2\/media?parent=36995"}],"wp:term":[{"taxonomy":"category","embeddable":true,"href":"https:\/\/www.keonys.com\/en\/wp-json\/wp\/v2\/categories?post=36995"},{"taxonomy":"post_tag","embeddable":true,"href":"https:\/\/www.keonys.com\/en\/wp-json\/wp\/v2\/tags?post=36995"}],"curies":[{"name":"wp","href":"https:\/\/api.w.org\/{rel}","templated":true}]}}