{"id":36990,"date":"2024-05-27T16:31:17","date_gmt":"2024-05-27T14:31:17","guid":{"rendered":"https:\/\/www.keonys.com\/acheter-une-licence-solidworks-simulation\/"},"modified":"2024-09-06T17:13:57","modified_gmt":"2024-09-06T15:13:57","slug":"acheter-une-licence-solidworks-simulation","status":"publish","type":"page","link":"https:\/\/www.keonys.com\/en\/buy-a-license-solidworks-simulation\/","title":{"rendered":"Buy a SolidWorks\u00ae Simulation license"},"content":{"rendered":"","protected":false},"excerpt":{"rendered":"<p>Optimisez vos conceptions avec SolidWorks\u00ae Simulation. Int\u00e9gr\u00e9 \u00e0 SOLIDWORKS, cet outil d&#8217;analyse par \u00e9l\u00e9ments finis simule le comportement physique de vos cr\u00e9ations. R\u00e9duisez les co\u00fbts et les d\u00e9lais d\u00e8s maintenant !<\/p>\n","protected":false},"author":38,"featured_media":0,"parent":0,"menu_order":0,"comment_status":"closed","ping_status":"closed","template":"page-specific.php","meta":{"_acf_changed":false,"_seopress_robots_primary_cat":"","_seopress_titles_title":"Get a SolidWorks Simulation license with KEONYS, 1st Dassault Syst\u00e8mes partner for industry","_seopress_titles_desc":"Optimize your designs with SolidWorks\u00ae Simulation. Integrated into SOLIDWORKS, this finite element analysis tool simulates the physical behavior of your designs. Reduce costs and lead times now!","_seopress_robots_index":"","footnotes":""},"categories":[],"tags":[],"class_list":["post-36990","page","type-page","status-publish","hentry"],"acf":[],"_links":{"self":[{"href":"https:\/\/www.keonys.com\/en\/wp-json\/wp\/v2\/pages\/36990","targetHints":{"allow":["GET"]}}],"collection":[{"href":"https:\/\/www.keonys.com\/en\/wp-json\/wp\/v2\/pages"}],"about":[{"href":"https:\/\/www.keonys.com\/en\/wp-json\/wp\/v2\/types\/page"}],"author":[{"embeddable":true,"href":"https:\/\/www.keonys.com\/en\/wp-json\/wp\/v2\/users\/38"}],"replies":[{"embeddable":true,"href":"https:\/\/www.keonys.com\/en\/wp-json\/wp\/v2\/comments?post=36990"}],"version-history":[{"count":4,"href":"https:\/\/www.keonys.com\/en\/wp-json\/wp\/v2\/pages\/36990\/revisions"}],"predecessor-version":[{"id":37004,"href":"https:\/\/www.keonys.com\/en\/wp-json\/wp\/v2\/pages\/36990\/revisions\/37004"}],"wp:attachment":[{"href":"https:\/\/www.keonys.com\/en\/wp-json\/wp\/v2\/media?parent=36990"}],"wp:term":[{"taxonomy":"category","embeddable":true,"href":"https:\/\/www.keonys.com\/en\/wp-json\/wp\/v2\/categories?post=36990"},{"taxonomy":"post_tag","embeddable":true,"href":"https:\/\/www.keonys.com\/en\/wp-json\/wp\/v2\/tags?post=36990"}],"curies":[{"name":"wp","href":"https:\/\/api.w.org\/{rel}","templated":true}]}}