{"id":36987,"date":"2024-05-27T16:31:24","date_gmt":"2024-05-27T14:31:24","guid":{"rendered":"https:\/\/www.keonys.com\/demande-dinformations-solidworks-simulation\/"},"modified":"2024-09-06T16:49:11","modified_gmt":"2024-09-06T14:49:11","slug":"demande-dinformations-solidworks-simulation","status":"publish","type":"page","link":"https:\/\/www.keonys.com\/en\/more-information-solidworks-simulation\/","title":{"rendered":"Information request: SolidWorks\u00ae Simulation"},"content":{"rendered":"","protected":false},"excerpt":{"rendered":"<p>D\u00e9couvrez SolidWorks\u00ae Simulation, l&#8217;outil d&#8217;analyse par \u00e9l\u00e9ments finis int\u00e9gr\u00e9 \u00e0 SOLIDWORKS. Simulez le comportement physique de vos conceptions pour optimiser qualit\u00e9 et performances, tout en r\u00e9duisant les co\u00fbts et les d\u00e9lais. Informez-vous d\u00e8s maintenant !<\/p>\n","protected":false},"author":38,"featured_media":0,"parent":0,"menu_order":0,"comment_status":"closed","ping_status":"closed","template":"page-specific.php","meta":{"_acf_changed":false,"_seopress_robots_primary_cat":"","_seopress_titles_title":"More information on SolidWorks Simulation?","_seopress_titles_desc":"Discover SolidWorks\u00ae Simulation, the finite element analysis tool integrated into SOLIDWORKS. Simulate the physical behavior of your designs to optimize quality and performance, while reducing costs and lead times. Find out more today!","_seopress_robots_index":"","footnotes":""},"categories":[],"tags":[],"class_list":["post-36987","page","type-page","status-publish","hentry"],"acf":[],"_links":{"self":[{"href":"https:\/\/www.keonys.com\/en\/wp-json\/wp\/v2\/pages\/36987","targetHints":{"allow":["GET"]}}],"collection":[{"href":"https:\/\/www.keonys.com\/en\/wp-json\/wp\/v2\/pages"}],"about":[{"href":"https:\/\/www.keonys.com\/en\/wp-json\/wp\/v2\/types\/page"}],"author":[{"embeddable":true,"href":"https:\/\/www.keonys.com\/en\/wp-json\/wp\/v2\/users\/38"}],"replies":[{"embeddable":true,"href":"https:\/\/www.keonys.com\/en\/wp-json\/wp\/v2\/comments?post=36987"}],"version-history":[{"count":4,"href":"https:\/\/www.keonys.com\/en\/wp-json\/wp\/v2\/pages\/36987\/revisions"}],"predecessor-version":[{"id":37005,"href":"https:\/\/www.keonys.com\/en\/wp-json\/wp\/v2\/pages\/36987\/revisions\/37005"}],"wp:attachment":[{"href":"https:\/\/www.keonys.com\/en\/wp-json\/wp\/v2\/media?parent=36987"}],"wp:term":[{"taxonomy":"category","embeddable":true,"href":"https:\/\/www.keonys.com\/en\/wp-json\/wp\/v2\/categories?post=36987"},{"taxonomy":"post_tag","embeddable":true,"href":"https:\/\/www.keonys.com\/en\/wp-json\/wp\/v2\/tags?post=36987"}],"curies":[{"name":"wp","href":"https:\/\/api.w.org\/{rel}","templated":true}]}}