{"id":36721,"date":"2024-08-08T15:49:01","date_gmt":"2024-08-08T13:49:01","guid":{"rendered":"https:\/\/www.keonys.com\/?page_id=36721"},"modified":"2024-10-04T15:29:47","modified_gmt":"2024-10-04T13:29:47","slug":"solidworks-simulation","status":"publish","type":"page","link":"https:\/\/www.keonys.com\/en\/solidworks-simulation","title":{"rendered":"SOLIDWORKS Simulation"},"content":{"rendered":"","protected":false},"excerpt":{"rendered":"<p>SOLIDWORKS Simulation propose une suite d&#8217;outils d&#8217;analyse par \u00e9l\u00e9ments finis (FEA) int\u00e9gr\u00e9s \u00e0 l&#8217;environnement CAO 3D de SOLIDWORKS, permettant aux concepteurs de simuler le comportement physique de leurs conceptions. Optimisez la qualit\u00e9 et les performances de vos produits d\u00e8s la conception, tout en r\u00e9duisant co\u00fbts et d\u00e9lais.<\/p>\n","protected":false},"author":38,"featured_media":35277,"parent":26871,"menu_order":0,"comment_status":"closed","ping_status":"closed","template":"page-ancres.php","meta":{"_acf_changed":false,"_seopress_robots_primary_cat":"","_seopress_titles_title":"SOLIDWORKS Simulation - KEONYS","_seopress_titles_desc":"SOLIDWORKS Simulation offers a suite of finite element analysis (FEA) tools integrated into the SOLIDWORKS 3D CAD environment, enabling designers to simulate the physical behavior of their designs. Optimize the quality and performance of your products right from the design stage, while reducing costs and lead times.","_seopress_robots_index":"","footnotes":""},"categories":[],"tags":[],"class_list":["post-36721","page","type-page","status-publish","has-post-thumbnail","hentry"],"acf":[],"_links":{"self":[{"href":"https:\/\/www.keonys.com\/en\/wp-json\/wp\/v2\/pages\/36721","targetHints":{"allow":["GET"]}}],"collection":[{"href":"https:\/\/www.keonys.com\/en\/wp-json\/wp\/v2\/pages"}],"about":[{"href":"https:\/\/www.keonys.com\/en\/wp-json\/wp\/v2\/types\/page"}],"author":[{"embeddable":true,"href":"https:\/\/www.keonys.com\/en\/wp-json\/wp\/v2\/users\/38"}],"replies":[{"embeddable":true,"href":"https:\/\/www.keonys.com\/en\/wp-json\/wp\/v2\/comments?post=36721"}],"version-history":[{"count":28,"href":"https:\/\/www.keonys.com\/en\/wp-json\/wp\/v2\/pages\/36721\/revisions"}],"predecessor-version":[{"id":38051,"href":"https:\/\/www.keonys.com\/en\/wp-json\/wp\/v2\/pages\/36721\/revisions\/38051"}],"up":[{"embeddable":true,"href":"https:\/\/www.keonys.com\/en\/wp-json\/wp\/v2\/pages\/26871"}],"wp:featuredmedia":[{"embeddable":true,"href":"https:\/\/www.keonys.com\/en\/wp-json\/wp\/v2\/media\/35277"}],"wp:attachment":[{"href":"https:\/\/www.keonys.com\/en\/wp-json\/wp\/v2\/media?parent=36721"}],"wp:term":[{"taxonomy":"category","embeddable":true,"href":"https:\/\/www.keonys.com\/en\/wp-json\/wp\/v2\/categories?post=36721"},{"taxonomy":"post_tag","embeddable":true,"href":"https:\/\/www.keonys.com\/en\/wp-json\/wp\/v2\/tags?post=36721"}],"curies":[{"name":"wp","href":"https:\/\/api.w.org\/{rel}","templated":true}]}}