{"id":34090,"date":"2024-02-02T11:54:47","date_gmt":"2024-02-02T10:54:47","guid":{"rendered":"https:\/\/www.keonys.com\/?page_id=34090"},"modified":"2024-04-09T14:16:52","modified_gmt":"2024-04-09T12:16:52","slug":"white-paper-testimonial-arts-et-metiers","status":"publish","type":"page","link":"https:\/\/www.keonys.com\/en\/white-paper-arts-et-metiers-testimonial\/","title":{"rendered":"White paper &#8211; Arts et M\u00e9tiers testimonial"},"content":{"rendered":"","protected":false},"excerpt":{"rendered":"<p>Arts et M\u00e9tiers testimonial&#8217;s &#8211; KEONYS white paper. Laurent Champaney, Managing Director, Arts et M\u00e9tiers, is convinced: Faced with environmental challenges, engineers are key players in the transformation of our society.<\/p>\n","protected":false},"author":42,"featured_media":35329,"parent":0,"menu_order":0,"comment_status":"closed","ping_status":"closed","template":"page-specific.php","meta":{"_acf_changed":false,"_seopress_robots_primary_cat":"","_seopress_titles_title":"Arts et M\u00e9tiers testimonial&#039;s - KEONYS white paper","_seopress_titles_desc":"Laurent Champaney, Managing Director, Arts et M\u00e9tiers, is convinced: Faced with environmental challenges, engineers are key players in the transformation of our society.","_seopress_robots_index":"","footnotes":""},"categories":[],"tags":[],"class_list":["post-34090","page","type-page","status-publish","has-post-thumbnail","hentry"],"acf":[],"_links":{"self":[{"href":"https:\/\/www.keonys.com\/en\/wp-json\/wp\/v2\/pages\/34090","targetHints":{"allow":["GET"]}}],"collection":[{"href":"https:\/\/www.keonys.com\/en\/wp-json\/wp\/v2\/pages"}],"about":[{"href":"https:\/\/www.keonys.com\/en\/wp-json\/wp\/v2\/types\/page"}],"author":[{"embeddable":true,"href":"https:\/\/www.keonys.com\/en\/wp-json\/wp\/v2\/users\/42"}],"replies":[{"embeddable":true,"href":"https:\/\/www.keonys.com\/en\/wp-json\/wp\/v2\/comments?post=34090"}],"version-history":[{"count":15,"href":"https:\/\/www.keonys.com\/en\/wp-json\/wp\/v2\/pages\/34090\/revisions"}],"predecessor-version":[{"id":35413,"href":"https:\/\/www.keonys.com\/en\/wp-json\/wp\/v2\/pages\/34090\/revisions\/35413"}],"wp:featuredmedia":[{"embeddable":true,"href":"https:\/\/www.keonys.com\/en\/wp-json\/wp\/v2\/media\/35329"}],"wp:attachment":[{"href":"https:\/\/www.keonys.com\/en\/wp-json\/wp\/v2\/media?parent=34090"}],"wp:term":[{"taxonomy":"category","embeddable":true,"href":"https:\/\/www.keonys.com\/en\/wp-json\/wp\/v2\/categories?post=34090"},{"taxonomy":"post_tag","embeddable":true,"href":"https:\/\/www.keonys.com\/en\/wp-json\/wp\/v2\/tags?post=34090"}],"curies":[{"name":"wp","href":"https:\/\/api.w.org\/{rel}","templated":true}]}}