{"id":29178,"date":"2023-05-23T11:19:57","date_gmt":"2023-05-23T09:19:57","guid":{"rendered":"https:\/\/www.keonys.com\/contact-3dexperience\/"},"modified":"2023-05-23T11:24:08","modified_gmt":"2023-05-23T09:24:08","slug":"contact-3dexperience","status":"publish","type":"page","link":"https:\/\/www.keonys.com\/en\/contact-3dexperience\/","title":{"rendered":"CONTACT 3DEXPERIENCE\u00ae"},"content":{"rendered":"","protected":false},"excerpt":{"rendered":"","protected":false},"author":42,"featured_media":29172,"parent":0,"menu_order":0,"comment_status":"closed","ping_status":"closed","template":"page-specific.php","meta":{"_acf_changed":false,"_seopress_robots_primary_cat":"","_seopress_titles_title":"Contact 3DEXPERIENCE\u00ae - KEONYS","_seopress_titles_desc":"Vous souhaitez en savoir plus sur la plateforme 3DEXPERIENCE\u00ae ? Nos experts sont \u00e0 votre disposition pour r\u00e9pondre \u00e0 vos probl\u00e9matiques !","_seopress_robots_index":"","footnotes":""},"categories":[],"tags":[],"class_list":["post-29178","page","type-page","status-publish","has-post-thumbnail","hentry"],"acf":[],"_links":{"self":[{"href":"https:\/\/www.keonys.com\/en\/wp-json\/wp\/v2\/pages\/29178","targetHints":{"allow":["GET"]}}],"collection":[{"href":"https:\/\/www.keonys.com\/en\/wp-json\/wp\/v2\/pages"}],"about":[{"href":"https:\/\/www.keonys.com\/en\/wp-json\/wp\/v2\/types\/page"}],"author":[{"embeddable":true,"href":"https:\/\/www.keonys.com\/en\/wp-json\/wp\/v2\/users\/42"}],"replies":[{"embeddable":true,"href":"https:\/\/www.keonys.com\/en\/wp-json\/wp\/v2\/comments?post=29178"}],"version-history":[{"count":4,"href":"https:\/\/www.keonys.com\/en\/wp-json\/wp\/v2\/pages\/29178\/revisions"}],"predecessor-version":[{"id":29185,"href":"https:\/\/www.keonys.com\/en\/wp-json\/wp\/v2\/pages\/29178\/revisions\/29185"}],"wp:featuredmedia":[{"embeddable":true,"href":"https:\/\/www.keonys.com\/en\/wp-json\/wp\/v2\/media\/29172"}],"wp:attachment":[{"href":"https:\/\/www.keonys.com\/en\/wp-json\/wp\/v2\/media?parent=29178"}],"wp:term":[{"taxonomy":"category","embeddable":true,"href":"https:\/\/www.keonys.com\/en\/wp-json\/wp\/v2\/categories?post=29178"},{"taxonomy":"post_tag","embeddable":true,"href":"https:\/\/www.keonys.com\/en\/wp-json\/wp\/v2\/tags?post=29178"}],"curies":[{"name":"wp","href":"https:\/\/api.w.org\/{rel}","templated":true}]}}