{"id":26974,"date":"2023-02-01T11:46:00","date_gmt":"2023-02-01T10:46:00","guid":{"rendered":"https:\/\/www.keonys.com\/demo-solidworks\/"},"modified":"2023-06-06T10:39:12","modified_gmt":"2023-06-06T08:39:12","slug":"demo-solidworks","status":"publish","type":"page","link":"https:\/\/www.keonys.com\/en\/dassault-systemes-software\/solidworks\/demo-solidworks\/","title":{"rendered":"Solidworks demo"},"content":{"rendered":"","protected":false},"excerpt":{"rendered":"","protected":false},"author":42,"featured_media":0,"parent":26871,"menu_order":0,"comment_status":"closed","ping_status":"closed","template":"page-specific.php","meta":{"_acf_changed":false,"_seopress_robots_primary_cat":"","_seopress_titles_title":"D\u00e9mo Solidworks - KEONYS ","_seopress_titles_desc":"Solidworks est un logiciel de conception CAO 3D et d\u2019ing\u00e9nierie, reconnue leader sur le march\u00e9 des solutions de conception 3D.  Demander une d\u00e9mo Solidworks gratuitement.","_seopress_robots_index":"","footnotes":""},"categories":[],"tags":[],"class_list":["post-26974","page","type-page","status-publish","hentry"],"acf":[],"_links":{"self":[{"href":"https:\/\/www.keonys.com\/en\/wp-json\/wp\/v2\/pages\/26974","targetHints":{"allow":["GET"]}}],"collection":[{"href":"https:\/\/www.keonys.com\/en\/wp-json\/wp\/v2\/pages"}],"about":[{"href":"https:\/\/www.keonys.com\/en\/wp-json\/wp\/v2\/types\/page"}],"author":[{"embeddable":true,"href":"https:\/\/www.keonys.com\/en\/wp-json\/wp\/v2\/users\/42"}],"replies":[{"embeddable":true,"href":"https:\/\/www.keonys.com\/en\/wp-json\/wp\/v2\/comments?post=26974"}],"version-history":[{"count":2,"href":"https:\/\/www.keonys.com\/en\/wp-json\/wp\/v2\/pages\/26974\/revisions"}],"predecessor-version":[{"id":26977,"href":"https:\/\/www.keonys.com\/en\/wp-json\/wp\/v2\/pages\/26974\/revisions\/26977"}],"up":[{"embeddable":true,"href":"https:\/\/www.keonys.com\/en\/wp-json\/wp\/v2\/pages\/26871"}],"wp:attachment":[{"href":"https:\/\/www.keonys.com\/en\/wp-json\/wp\/v2\/media?parent=26974"}],"wp:term":[{"taxonomy":"category","embeddable":true,"href":"https:\/\/www.keonys.com\/en\/wp-json\/wp\/v2\/categories?post=26974"},{"taxonomy":"post_tag","embeddable":true,"href":"https:\/\/www.keonys.com\/en\/wp-json\/wp\/v2\/tags?post=26974"}],"curies":[{"name":"wp","href":"https:\/\/api.w.org\/{rel}","templated":true}]}}